{"id":390,"date":"2020-07-23T20:44:58","date_gmt":"2020-07-23T20:44:58","guid":{"rendered":"https:\/\/www.ambitsdecor.com\/?page_id=390"},"modified":"2020-10-10T13:38:17","modified_gmt":"2020-10-10T13:38:17","slug":"sobre-mi","status":"publish","type":"page","link":"https:\/\/www.ambitsdecor.com\/ca\/sobre-mi\/","title":{"rendered":"SOBRE M\u00cd"},"content":{"rendered":"<div data-elementor-type=\"wp-page\" data-elementor-id=\"390\" class=\"elementor elementor-390\" data-elementor-settings=\"[]\">\n\t\t\t\t\t\t<div class=\"elementor-inner\">\n\t\t\t\t\t\t\t<div class=\"elementor-section-wrap\">\n\t\t\t\t\t\t\t<section class=\"elementor-section elementor-top-section elementor-element elementor-element-473e7291 elementor-section-content-middle elementor-section-boxed elementor-section-height-default elementor-section-height-default\" data-id=\"473e7291\" data-element_type=\"section\">\n\t\t\t\t\t\t<div class=\"elementor-container elementor-column-gap-no\">\n\t\t\t\t\t\t\t<div class=\"elementor-row\">\n\t\t\t\t\t<div class=\"elementor-column elementor-col-33 elementor-top-column elementor-element elementor-element-437a160f\" data-id=\"437a160f\" data-element_type=\"column\">\n\t\t\t<div class=\"elementor-column-wrap elementor-element-populated\">\n\t\t\t\t\t\t\t<div class=\"elementor-widget-wrap\">\n\t\t\t\t\t\t<div class=\"elementor-element elementor-element-54109266 elementor-widget elementor-widget-image\" data-id=\"54109266\" data-element_type=\"widget\" data-widget_type=\"image.default\">\n\t\t\t\t<div class=\"elementor-widget-container\">\n\t\t\t\t\t<div class=\"elementor-image\">\n\t\t\t\t\t\t\t\t\t\t<img width=\"1178\" height=\"1178\" src=\"https:\/\/www.ambitsdecor.com\/wp-content\/uploads\/2020\/07\/116234619_140155767727209_9160701397718289897_o.jpg\" class=\"attachment-full size-full\" alt=\"\" loading=\"lazy\" srcset=\"https:\/\/www.ambitsdecor.com\/wp-content\/uploads\/2020\/07\/116234619_140155767727209_9160701397718289897_o.jpg 1178w, https:\/\/www.ambitsdecor.com\/wp-content\/uploads\/2020\/07\/116234619_140155767727209_9160701397718289897_o-300x300.jpg 300w, https:\/\/www.ambitsdecor.com\/wp-content\/uploads\/2020\/07\/116234619_140155767727209_9160701397718289897_o-1024x1024.jpg 1024w, https:\/\/www.ambitsdecor.com\/wp-content\/uploads\/2020\/07\/116234619_140155767727209_9160701397718289897_o-150x150.jpg 150w, https:\/\/www.ambitsdecor.com\/wp-content\/uploads\/2020\/07\/116234619_140155767727209_9160701397718289897_o-768x768.jpg 768w\" sizes=\"(max-width: 1178px) 100vw, 1178px\" \/>\t\t\t\t\t\t\t\t\t\t\t<\/div>\n\t\t\t\t<\/div>\n\t\t\t\t<\/div>\n\t\t\t\t\t\t<\/div>\n\t\t\t\t\t<\/div>\n\t\t<\/div>\n\t\t\t\t<div class=\"elementor-column elementor-col-33 elementor-top-column elementor-element elementor-element-214e2ac8\" data-id=\"214e2ac8\" data-element_type=\"column\">\n\t\t\t<div class=\"elementor-column-wrap elementor-element-populated\">\n\t\t\t\t\t\t\t<div class=\"elementor-widget-wrap\">\n\t\t\t\t\t\t<div class=\"elementor-element elementor-element-13ff0de3 elementor-widget elementor-widget-text-editor\" data-id=\"13ff0de3\" data-element_type=\"widget\" data-widget_type=\"text-editor.default\">\n\t\t\t\t<div class=\"elementor-widget-container\">\n\t\t\t\t\t<div class=\"elementor-text-editor elementor-clearfix\"><div><span style=\"background-color: var(--backgroundcolor); font-family: var(--fontFamily); font-style: var(--fontStyle, inherit); letter-spacing: var(--letterSpacing); text-align: inherit; text-transform: var(--textTransform);\">Hace m\u00e1s de 20 a\u00f1os que decoro espacios.&nbsp; Ofrezco un asesoramiento en casa, con un amplio cat\u00e1logo de las mejores firmas en cortinas y tapicer\u00eda.<\/span><\/div>\n<div>Por otro lado, colaboro con grandes interioristas de Barcelona, encarg\u00e1ndome de vestir sus espacios con los textiles m\u00e1s actuales.<\/div><\/div>\n\t\t\t\t<\/div>\n\t\t\t\t<\/div>\n\t\t\t\t\t\t<\/div>\n\t\t\t\t\t<\/div>\n\t\t<\/div>\n\t\t\t\t<div class=\"elementor-column elementor-col-33 elementor-top-column elementor-element elementor-element-4f3731ee\" data-id=\"4f3731ee\" data-element_type=\"column\">\n\t\t\t<div class=\"elementor-column-wrap elementor-element-populated\">\n\t\t\t\t\t\t\t<div class=\"elementor-widget-wrap\">\n\t\t\t\t\t\t<div class=\"elementor-element elementor-element-3f7c870 elementor-widget elementor-widget-text-editor\" data-id=\"3f7c870\" data-element_type=\"widget\" data-widget_type=\"text-editor.default\">\n\t\t\t\t<div class=\"elementor-widget-container\">\n\t\t\t\t\t<div class=\"elementor-text-editor elementor-clearfix\"><p><span style=\"color: #000000; font-size: 65px; font-weight: 600; white-space: pre-wrap;\">Eva<br>S\u00e1nchez <\/span><\/p><\/div>\n\t\t\t\t<\/div>\n\t\t\t\t<\/div>\n\t\t\t\t\t\t<\/div>\n\t\t\t\t\t<\/div>\n\t\t<\/div>\n\t\t\t\t\t\t\t\t<\/div>\n\t\t\t\t\t<\/div>\n\t\t<\/section>\n\t\t\t\t\t\t<\/div>\n\t\t\t\t\t\t<\/div>\n\t\t\t\t\t<\/div>","protected":false},"excerpt":{"rendered":"<p>Hace m\u00e1s de 20 a\u00f1os que decoro espacios.&nbsp; Ofrezco un asesoramiento en casa, con un amplio cat\u00e1logo de las mejores firmas en cortinas y tapicer\u00eda. Por otro lado, colaboro con grandes interioristas de Barcelona, encarg\u00e1ndome de vestir sus espacios con los textiles m\u00e1s actuales. EvaS\u00e1nchez<\/p>","protected":false},"author":1,"featured_media":590,"parent":0,"menu_order":0,"comment_status":"closed","ping_status":"closed","template":"","meta":[],"blocksy_meta":"","yoast_head":"<!-- This site is optimized with the Yoast SEO plugin v15.2.1 - https:\/\/yoast.com\/wordpress\/plugins\/seo\/ -->\n<title>SOBRE M\u00cd - Ambits Decor<\/title>\n<meta name=\"robots\" content=\"index, follow, max-snippet:-1, max-image-preview:large, max-video-preview:-1\" \/>\n<link rel=\"canonical\" href=\"https:\/\/www.ambitsdecor.com\/ca\/sobre-mi\/\" \/>\n<meta property=\"og:locale\" content=\"ca_ES\" \/>\n<meta property=\"og:type\" content=\"article\" \/>\n<meta property=\"og:title\" content=\"SOBRE M\u00cd - Ambits Decor\" \/>\n<meta property=\"og:description\" content=\"Hace m\u00e1s de 20 a\u00f1os que decoro espacios.&nbsp; Ofrezco un asesoramiento en casa, con un amplio cat\u00e1logo de las mejores firmas en cortinas y tapicer\u00eda. Por otro lado, colaboro con grandes interioristas de Barcelona, encarg\u00e1ndome de vestir sus espacios con los textiles m\u00e1s actuales. EvaS\u00e1nchez\" \/>\n<meta property=\"og:url\" content=\"https:\/\/www.ambitsdecor.com\/ca\/sobre-mi\/\" \/>\n<meta property=\"og:site_name\" content=\"Ambits Decor\" \/>\n<meta property=\"article:publisher\" content=\"https:\/\/www.facebook.com\/ambitsdecor\/\" \/>\n<meta property=\"article:modified_time\" content=\"2020-10-10T13:38:17+00:00\" \/>\n<meta property=\"og:image\" content=\"https:\/\/www.ambitsdecor.com\/wp-content\/uploads\/2020\/08\/sobre-mi.jpg\" \/>\n\t<meta property=\"og:image:width\" content=\"1099\" \/>\n\t<meta property=\"og:image:height\" content=\"800\" \/>\n<meta name=\"twitter:card\" content=\"summary_large_image\" \/>\n<meta name=\"twitter:label1\" content=\"Escrit per\">\n\t<meta name=\"twitter:data1\" content=\"Eva\">\n\t<meta name=\"twitter:label2\" content=\"Temps estimat de lectura\">\n\t<meta name=\"twitter:data2\" content=\"0 minuts\">\n<script type=\"application\/ld+json\" class=\"yoast-schema-graph\">{\"@context\":\"https:\/\/schema.org\",\"@graph\":[{\"@type\":\"Organization\",\"@id\":\"https:\/\/www.ambitsdecor.com\/#organization\",\"name\":\"Ambits\",\"url\":\"https:\/\/www.ambitsdecor.com\/\",\"sameAs\":[\"https:\/\/www.facebook.com\/ambitsdecor\/\",\"https:\/\/www.instagram.com\/ambits.decor\/\"],\"logo\":{\"@type\":\"ImageObject\",\"@id\":\"https:\/\/www.ambitsdecor.com\/#logo\",\"inLanguage\":\"ca\",\"url\":\"https:\/\/www.ambitsdecor.com\/wp-content\/uploads\/2020\/10\/Transparente.png\",\"width\":1024,\"height\":543,\"caption\":\"Ambits\"},\"image\":{\"@id\":\"https:\/\/www.ambitsdecor.com\/#logo\"}},{\"@type\":\"WebSite\",\"@id\":\"https:\/\/www.ambitsdecor.com\/#website\",\"url\":\"https:\/\/www.ambitsdecor.com\/\",\"name\":\"Ambits Decor\",\"description\":\"\",\"publisher\":{\"@id\":\"https:\/\/www.ambitsdecor.com\/#organization\"},\"potentialAction\":[{\"@type\":\"SearchAction\",\"target\":\"https:\/\/www.ambitsdecor.com\/?s={search_term_string}\",\"query-input\":\"required name=search_term_string\"}],\"inLanguage\":\"ca\"},{\"@type\":\"ImageObject\",\"@id\":\"https:\/\/www.ambitsdecor.com\/sobre-mi\/#primaryimage\",\"inLanguage\":\"ca\",\"url\":\"https:\/\/www.ambitsdecor.com\/wp-content\/uploads\/2020\/08\/sobre-mi.jpg\",\"width\":1099,\"height\":800},{\"@type\":\"WebPage\",\"@id\":\"https:\/\/www.ambitsdecor.com\/sobre-mi\/#webpage\",\"url\":\"https:\/\/www.ambitsdecor.com\/sobre-mi\/\",\"name\":\"SOBRE M\\u00cd - Ambits Decor\",\"isPartOf\":{\"@id\":\"https:\/\/www.ambitsdecor.com\/#website\"},\"primaryImageOfPage\":{\"@id\":\"https:\/\/www.ambitsdecor.com\/sobre-mi\/#primaryimage\"},\"datePublished\":\"2020-07-23T20:44:58+00:00\",\"dateModified\":\"2020-10-10T13:38:17+00:00\",\"inLanguage\":\"ca\",\"potentialAction\":[{\"@type\":\"ReadAction\",\"target\":[\"https:\/\/www.ambitsdecor.com\/sobre-mi\/\"]}]}]}<\/script>\n<!-- \/ Yoast SEO plugin. -->","_links":{"self":[{"href":"https:\/\/www.ambitsdecor.com\/ca\/wp-json\/wp\/v2\/pages\/390"}],"collection":[{"href":"https:\/\/www.ambitsdecor.com\/ca\/wp-json\/wp\/v2\/pages"}],"about":[{"href":"https:\/\/www.ambitsdecor.com\/ca\/wp-json\/wp\/v2\/types\/page"}],"author":[{"embeddable":true,"href":"https:\/\/www.ambitsdecor.com\/ca\/wp-json\/wp\/v2\/users\/1"}],"replies":[{"embeddable":true,"href":"https:\/\/www.ambitsdecor.com\/ca\/wp-json\/wp\/v2\/comments?post=390"}],"version-history":[{"count":28,"href":"https:\/\/www.ambitsdecor.com\/ca\/wp-json\/wp\/v2\/pages\/390\/revisions"}],"predecessor-version":[{"id":1079,"href":"https:\/\/www.ambitsdecor.com\/ca\/wp-json\/wp\/v2\/pages\/390\/revisions\/1079"}],"wp:featuredmedia":[{"embeddable":true,"href":"https:\/\/www.ambitsdecor.com\/ca\/wp-json\/wp\/v2\/media\/590"}],"wp:attachment":[{"href":"https:\/\/www.ambitsdecor.com\/ca\/wp-json\/wp\/v2\/media?parent=390"}],"curies":[{"name":"wp","href":"https:\/\/api.w.org\/{rel}","templated":true}]}}