{"id":404,"date":"2020-07-23T20:58:42","date_gmt":"2020-07-23T20:58:42","guid":{"rendered":"https:\/\/www.ambitsdecor.com\/?page_id=404"},"modified":"2020-10-16T07:28:32","modified_gmt":"2020-10-16T07:28:32","slug":"decoracion","status":"publish","type":"page","link":"https:\/\/www.ambitsdecor.com\/ca\/decoracion\/","title":{"rendered":"CORTINAS, TAPICER\u00cdA Y DECORACI\u00d3N"},"content":{"rendered":"<div data-elementor-type=\"wp-page\" data-elementor-id=\"404\" class=\"elementor elementor-404\" data-elementor-settings=\"[]\">\n\t\t\t\t\t\t<div class=\"elementor-inner\">\n\t\t\t\t\t\t\t<div class=\"elementor-section-wrap\">\n\t\t\t\t\t\t\t<section class=\"elementor-section elementor-top-section elementor-element elementor-element-6edb6b3 elementor-section-boxed elementor-section-height-default elementor-section-height-default\" data-id=\"6edb6b3\" data-element_type=\"section\">\n\t\t\t\t\t\t<div class=\"elementor-container elementor-column-gap-default\">\n\t\t\t\t\t\t\t<div class=\"elementor-row\">\n\t\t\t\t\t<div class=\"elementor-column elementor-col-100 elementor-top-column elementor-element elementor-element-5b187a7\" data-id=\"5b187a7\" data-element_type=\"column\">\n\t\t\t<div class=\"elementor-column-wrap elementor-element-populated\">\n\t\t\t\t\t\t\t<div class=\"elementor-widget-wrap\">\n\t\t\t\t\t\t<div class=\"elementor-element elementor-element-c1809e8 elementor-widget elementor-widget-text-editor\" data-id=\"c1809e8\" data-element_type=\"widget\" data-widget_type=\"text-editor.default\">\n\t\t\t\t<div class=\"elementor-widget-container\">\n\t\t\t\t\t<div class=\"elementor-text-editor elementor-clearfix\"><p>Dise\u00f1o, toma de medidas, confecci\u00f3n e instalaci\u00f3n de todo tipo de <strong>cortinas<\/strong>, tanto tradicionales como t\u00e9cnicas. <br \/>Asesoramiento personalizado a particulares y empresas.<\/p><\/div>\n\t\t\t\t<\/div>\n\t\t\t\t<\/div>\n\t\t\t\t<div class=\"elementor-element elementor-element-dac8f9d elementor-widget elementor-widget-gallery\" data-id=\"dac8f9d\" data-element_type=\"widget\" data-settings=\"{&quot;columns&quot;:3,&quot;gap&quot;:{&quot;unit&quot;:&quot;px&quot;,&quot;size&quot;:20,&quot;sizes&quot;:[]},&quot;lazyload&quot;:&quot;yes&quot;,&quot;gallery_layout&quot;:&quot;grid&quot;,&quot;columns_tablet&quot;:2,&quot;columns_mobile&quot;:1,&quot;gap_tablet&quot;:{&quot;unit&quot;:&quot;px&quot;,&quot;size&quot;:10,&quot;sizes&quot;:[]},&quot;gap_mobile&quot;:{&quot;unit&quot;:&quot;px&quot;,&quot;size&quot;:10,&quot;sizes&quot;:[]},&quot;link_to&quot;:&quot;file&quot;,&quot;aspect_ratio&quot;:&quot;3:2&quot;,&quot;overlay_background&quot;:&quot;yes&quot;,&quot;content_hover_animation&quot;:&quot;fade-in&quot;}\" data-widget_type=\"gallery.default\">\n\t\t\t\t<div class=\"elementor-widget-container\">\n\t\t\t\t\t<div class=\"elementor-gallery__container\">\n\t\t\t\t\t\t\t<a class=\"e-gallery-item elementor-gallery-item elementor-animated-content\" href=\"https:\/\/www.ambitsdecor.com\/wp-content\/uploads\/2020\/08\/cortina-2.jpg\" data-elementor-open-lightbox=\"yes\" data-elementor-lightbox-slideshow=\"all-dac8f9d\" data-elementor-lightbox-title=\"cortina 2\">\n\t\t\t\t\t<div class=\"e-gallery-image elementor-gallery-item__image\" data-thumbnail=\"https:\/\/www.ambitsdecor.com\/wp-content\/uploads\/2020\/08\/cortina-2-768x1129.jpg\" data-width=\"768\" data-height=\"1129\" alt=\"\" ><\/div>\n\t\t\t\t\t\t\t\t\t\t<div class=\"elementor-gallery-item__overlay\"><\/div>\n\t\t\t\t\t\t\t\t\t\t\t\t\t\t<\/a>\n\t\t\t\t\t\t\t<a class=\"e-gallery-item elementor-gallery-item elementor-animated-content\" href=\"https:\/\/www.ambitsdecor.com\/wp-content\/uploads\/2020\/08\/cortina1.jpg\" data-elementor-open-lightbox=\"yes\" data-elementor-lightbox-slideshow=\"all-dac8f9d\" data-elementor-lightbox-title=\"cortina1\">\n\t\t\t\t\t<div class=\"e-gallery-image elementor-gallery-item__image\" data-thumbnail=\"https:\/\/www.ambitsdecor.com\/wp-content\/uploads\/2020\/08\/cortina1-768x1152.jpg\" data-width=\"768\" data-height=\"1152\" alt=\"\" ><\/div>\n\t\t\t\t\t\t\t\t\t\t<div class=\"elementor-gallery-item__overlay\"><\/div>\n\t\t\t\t\t\t\t\t\t\t\t\t\t\t<\/a>\n\t\t\t\t\t\t\t<a class=\"e-gallery-item elementor-gallery-item elementor-animated-content\" href=\"https:\/\/www.ambitsdecor.com\/wp-content\/uploads\/2020\/08\/cortina-3.jpg\" data-elementor-open-lightbox=\"yes\" data-elementor-lightbox-slideshow=\"all-dac8f9d\" data-elementor-lightbox-title=\"cortina 3\">\n\t\t\t\t\t<div class=\"e-gallery-image elementor-gallery-item__image\" data-thumbnail=\"https:\/\/www.ambitsdecor.com\/wp-content\/uploads\/2020\/08\/cortina-3-768x1152.jpg\" data-width=\"768\" data-height=\"1152\" alt=\"\" ><\/div>\n\t\t\t\t\t\t\t\t\t\t<div class=\"elementor-gallery-item__overlay\"><\/div>\n\t\t\t\t\t\t\t\t\t\t\t\t\t\t<\/a>\n\t\t\t\t\t<\/div>\n\t\t\t<\/div>\n\t\t\t\t<\/div>\n\t\t\t\t<div class=\"elementor-element elementor-element-b2412e2 elementor-widget elementor-widget-spacer\" data-id=\"b2412e2\" data-element_type=\"widget\" data-widget_type=\"spacer.default\">\n\t\t\t\t<div class=\"elementor-widget-container\">\n\t\t\t\t\t<div class=\"elementor-spacer\">\n\t\t\t<div class=\"elementor-spacer-inner\"><\/div>\n\t\t<\/div>\n\t\t\t\t<\/div>\n\t\t\t\t<\/div>\n\t\t\t\t\t\t<\/div>\n\t\t\t\t\t<\/div>\n\t\t<\/div>\n\t\t\t\t\t\t\t\t<\/div>\n\t\t\t\t\t<\/div>\n\t\t<\/section>\n\t\t\t\t<section class=\"elementor-section elementor-top-section elementor-element elementor-element-495c99f elementor-section-boxed elementor-section-height-default elementor-section-height-default\" data-id=\"495c99f\" data-element_type=\"section\">\n\t\t\t\t\t\t<div class=\"elementor-container elementor-column-gap-default\">\n\t\t\t\t\t\t\t<div class=\"elementor-row\">\n\t\t\t\t\t<div class=\"elementor-column elementor-col-100 elementor-top-column elementor-element elementor-element-d13ac96\" data-id=\"d13ac96\" data-element_type=\"column\">\n\t\t\t<div class=\"elementor-column-wrap elementor-element-populated\">\n\t\t\t\t\t\t\t<div class=\"elementor-widget-wrap\">\n\t\t\t\t\t\t<div class=\"elementor-element elementor-element-64106bf elementor-widget elementor-widget-text-editor\" data-id=\"64106bf\" data-element_type=\"widget\" data-widget_type=\"text-editor.default\">\n\t\t\t\t<div class=\"elementor-widget-container\">\n\t\t\t\t\t<div class=\"elementor-text-editor elementor-clearfix\"><p>Servicio de <strong>tapicer\u00eda<\/strong> que incluye tanto la restauraci\u00f3n de piezas antiguas como la creaci\u00f3n a medida de nuevas como sof\u00e1s, cabezales y cualquier requerimiento para particulares y hosteler\u00eda.<\/p><\/div>\n\t\t\t\t<\/div>\n\t\t\t\t<\/div>\n\t\t\t\t\t\t<\/div>\n\t\t\t\t\t<\/div>\n\t\t<\/div>\n\t\t\t\t\t\t\t\t<\/div>\n\t\t\t\t\t<\/div>\n\t\t<\/section>\n\t\t\t\t<section class=\"elementor-section elementor-top-section elementor-element elementor-element-4d0f278 elementor-section-boxed elementor-section-height-default elementor-section-height-default\" data-id=\"4d0f278\" data-element_type=\"section\">\n\t\t\t\t\t\t<div class=\"elementor-container elementor-column-gap-default\">\n\t\t\t\t\t\t\t<div class=\"elementor-row\">\n\t\t\t\t\t<div class=\"elementor-column elementor-col-100 elementor-top-column elementor-element elementor-element-d706ab7\" data-id=\"d706ab7\" data-element_type=\"column\">\n\t\t\t<div class=\"elementor-column-wrap elementor-element-populated\">\n\t\t\t\t\t\t\t<div class=\"elementor-widget-wrap\">\n\t\t\t\t\t\t<div class=\"elementor-element elementor-element-4ff8c3a elementor-widget elementor-widget-gallery\" data-id=\"4ff8c3a\" data-element_type=\"widget\" data-settings=\"{&quot;columns&quot;:3,&quot;gap&quot;:{&quot;unit&quot;:&quot;px&quot;,&quot;size&quot;:20,&quot;sizes&quot;:[]},&quot;lazyload&quot;:&quot;yes&quot;,&quot;gallery_layout&quot;:&quot;grid&quot;,&quot;columns_tablet&quot;:2,&quot;columns_mobile&quot;:1,&quot;gap_tablet&quot;:{&quot;unit&quot;:&quot;px&quot;,&quot;size&quot;:10,&quot;sizes&quot;:[]},&quot;gap_mobile&quot;:{&quot;unit&quot;:&quot;px&quot;,&quot;size&quot;:10,&quot;sizes&quot;:[]},&quot;link_to&quot;:&quot;file&quot;,&quot;aspect_ratio&quot;:&quot;3:2&quot;,&quot;overlay_background&quot;:&quot;yes&quot;,&quot;content_hover_animation&quot;:&quot;fade-in&quot;}\" data-widget_type=\"gallery.default\">\n\t\t\t\t<div class=\"elementor-widget-container\">\n\t\t\t\t\t<div class=\"elementor-gallery__container\">\n\t\t\t\t\t\t\t<a class=\"e-gallery-item elementor-gallery-item elementor-animated-content\" href=\"https:\/\/www.ambitsdecor.com\/wp-content\/uploads\/2020\/08\/240010.jpg\" data-elementor-open-lightbox=\"yes\" data-elementor-lightbox-slideshow=\"all-4ff8c3a\" data-elementor-lightbox-title=\"240010\">\n\t\t\t\t\t<div class=\"e-gallery-image elementor-gallery-item__image\" data-thumbnail=\"https:\/\/www.ambitsdecor.com\/wp-content\/uploads\/2020\/08\/240010-768x1152.jpg\" data-width=\"768\" data-height=\"1152\" alt=\"\" ><\/div>\n\t\t\t\t\t\t\t\t\t\t<div class=\"elementor-gallery-item__overlay\"><\/div>\n\t\t\t\t\t\t\t\t\t\t\t\t\t\t<\/a>\n\t\t\t\t\t\t\t<a class=\"e-gallery-item elementor-gallery-item elementor-animated-content\" href=\"https:\/\/www.ambitsdecor.com\/wp-content\/uploads\/2020\/08\/CH_H18-625.jpg\" data-elementor-open-lightbox=\"yes\" data-elementor-lightbox-slideshow=\"all-4ff8c3a\" data-elementor-lightbox-title=\"CH_H18-625\">\n\t\t\t\t\t<div class=\"e-gallery-image elementor-gallery-item__image\" data-thumbnail=\"https:\/\/www.ambitsdecor.com\/wp-content\/uploads\/2020\/08\/CH_H18-625-768x1180.jpg\" data-width=\"768\" data-height=\"1180\" alt=\"\" ><\/div>\n\t\t\t\t\t\t\t\t\t\t<div class=\"elementor-gallery-item__overlay\"><\/div>\n\t\t\t\t\t\t\t\t\t\t\t\t\t\t<\/a>\n\t\t\t\t\t\t\t<a class=\"e-gallery-item elementor-gallery-item elementor-animated-content\" href=\"https:\/\/www.ambitsdecor.com\/wp-content\/uploads\/2020\/08\/CH_H18-475.jpg\" data-elementor-open-lightbox=\"yes\" data-elementor-lightbox-slideshow=\"all-4ff8c3a\" data-elementor-lightbox-title=\"CH_H18-475\">\n\t\t\t\t\t<div class=\"e-gallery-image elementor-gallery-item__image\" data-thumbnail=\"https:\/\/www.ambitsdecor.com\/wp-content\/uploads\/2020\/08\/CH_H18-475-768x1020.jpg\" data-width=\"768\" data-height=\"1020\" alt=\"\" ><\/div>\n\t\t\t\t\t\t\t\t\t\t<div class=\"elementor-gallery-item__overlay\"><\/div>\n\t\t\t\t\t\t\t\t\t\t\t\t\t\t<\/a>\n\t\t\t\t\t<\/div>\n\t\t\t<\/div>\n\t\t\t\t<\/div>\n\t\t\t\t\t\t<\/div>\n\t\t\t\t\t<\/div>\n\t\t<\/div>\n\t\t\t\t\t\t\t\t<\/div>\n\t\t\t\t\t<\/div>\n\t\t<\/section>\n\t\t\t\t<section class=\"elementor-section elementor-top-section elementor-element elementor-element-9b3fcfc elementor-section-boxed elementor-section-height-default elementor-section-height-default\" data-id=\"9b3fcfc\" data-element_type=\"section\">\n\t\t\t\t\t\t<div class=\"elementor-container elementor-column-gap-default\">\n\t\t\t\t\t\t\t<div class=\"elementor-row\">\n\t\t\t\t\t<div class=\"elementor-column elementor-col-100 elementor-top-column elementor-element elementor-element-14bf10b\" data-id=\"14bf10b\" data-element_type=\"column\">\n\t\t\t<div class=\"elementor-column-wrap elementor-element-populated\">\n\t\t\t\t\t\t\t<div class=\"elementor-widget-wrap\">\n\t\t\t\t\t\t<div class=\"elementor-element elementor-element-e4e006e elementor-widget elementor-widget-spacer\" data-id=\"e4e006e\" data-element_type=\"widget\" data-widget_type=\"spacer.default\">\n\t\t\t\t<div class=\"elementor-widget-container\">\n\t\t\t\t\t<div class=\"elementor-spacer\">\n\t\t\t<div class=\"elementor-spacer-inner\"><\/div>\n\t\t<\/div>\n\t\t\t\t<\/div>\n\t\t\t\t<\/div>\n\t\t\t\t<div class=\"elementor-element elementor-element-d43e88b elementor-widget elementor-widget-text-editor\" data-id=\"d43e88b\" data-element_type=\"widget\" data-widget_type=\"text-editor.default\">\n\t\t\t\t<div class=\"elementor-widget-container\">\n\t\t\t\t\t<div class=\"elementor-text-editor elementor-clearfix\"><p>Servicio integral de <strong>decoraci\u00f3n y estilismo<\/strong>. Realizamos un estudio del espacio y proponemos las tendencias que mejor se le adaptan. Del mismo modo, colaboramos con interioristas en la fase final de su proyecto.<\/p><\/div>\n\t\t\t\t<\/div>\n\t\t\t\t<\/div>\n\t\t\t\t\t\t<\/div>\n\t\t\t\t\t<\/div>\n\t\t<\/div>\n\t\t\t\t\t\t\t\t<\/div>\n\t\t\t\t\t<\/div>\n\t\t<\/section>\n\t\t\t\t<section class=\"elementor-section elementor-top-section elementor-element elementor-element-e173d84 elementor-section-boxed elementor-section-height-default elementor-section-height-default\" data-id=\"e173d84\" data-element_type=\"section\">\n\t\t\t\t\t\t<div class=\"elementor-container elementor-column-gap-default\">\n\t\t\t\t\t\t\t<div class=\"elementor-row\">\n\t\t\t\t\t<div class=\"elementor-column elementor-col-100 elementor-top-column elementor-element elementor-element-d7c5dbc\" data-id=\"d7c5dbc\" data-element_type=\"column\">\n\t\t\t<div class=\"elementor-column-wrap elementor-element-populated\">\n\t\t\t\t\t\t\t<div class=\"elementor-widget-wrap\">\n\t\t\t\t\t\t<div class=\"elementor-element elementor-element-3473280 elementor-widget elementor-widget-gallery\" data-id=\"3473280\" data-element_type=\"widget\" data-settings=\"{&quot;columns&quot;:3,&quot;gap&quot;:{&quot;unit&quot;:&quot;px&quot;,&quot;size&quot;:20,&quot;sizes&quot;:[]},&quot;lazyload&quot;:&quot;yes&quot;,&quot;gallery_layout&quot;:&quot;grid&quot;,&quot;columns_tablet&quot;:2,&quot;columns_mobile&quot;:1,&quot;gap_tablet&quot;:{&quot;unit&quot;:&quot;px&quot;,&quot;size&quot;:10,&quot;sizes&quot;:[]},&quot;gap_mobile&quot;:{&quot;unit&quot;:&quot;px&quot;,&quot;size&quot;:10,&quot;sizes&quot;:[]},&quot;link_to&quot;:&quot;file&quot;,&quot;aspect_ratio&quot;:&quot;3:2&quot;,&quot;overlay_background&quot;:&quot;yes&quot;,&quot;content_hover_animation&quot;:&quot;fade-in&quot;}\" data-widget_type=\"gallery.default\">\n\t\t\t\t<div class=\"elementor-widget-container\">\n\t\t\t\t\t<div class=\"elementor-gallery__container\">\n\t\t\t\t\t\t\t<a class=\"e-gallery-item elementor-gallery-item elementor-animated-content\" href=\"https:\/\/www.ambitsdecor.com\/wp-content\/uploads\/2020\/08\/214446.jpg\" data-elementor-open-lightbox=\"yes\" data-elementor-lightbox-slideshow=\"all-3473280\" data-elementor-lightbox-title=\"214446\">\n\t\t\t\t\t<div class=\"e-gallery-image elementor-gallery-item__image\" data-thumbnail=\"https:\/\/www.ambitsdecor.com\/wp-content\/uploads\/2020\/08\/214446-300x200.jpg\" data-width=\"300\" data-height=\"200\" alt=\"\" ><\/div>\n\t\t\t\t\t\t\t\t\t\t<div class=\"elementor-gallery-item__overlay\"><\/div>\n\t\t\t\t\t\t\t\t\t\t\t\t\t\t<\/a>\n\t\t\t\t\t\t\t<a class=\"e-gallery-item elementor-gallery-item elementor-animated-content\" href=\"https:\/\/www.ambitsdecor.com\/wp-content\/uploads\/2020\/08\/CH_H18-181.jpg\" data-elementor-open-lightbox=\"yes\" data-elementor-lightbox-slideshow=\"all-3473280\" data-elementor-lightbox-title=\"CH_H18-181\">\n\t\t\t\t\t<div class=\"e-gallery-image elementor-gallery-item__image\" data-thumbnail=\"https:\/\/www.ambitsdecor.com\/wp-content\/uploads\/2020\/08\/CH_H18-181-209x300.jpg\" data-width=\"209\" data-height=\"300\" alt=\"\" ><\/div>\n\t\t\t\t\t\t\t\t\t\t<div class=\"elementor-gallery-item__overlay\"><\/div>\n\t\t\t\t\t\t\t\t\t\t\t\t\t\t<\/a>\n\t\t\t\t\t\t\t<a class=\"e-gallery-item elementor-gallery-item elementor-animated-content\" href=\"https:\/\/www.ambitsdecor.com\/wp-content\/uploads\/2020\/08\/CH_H18-348.jpg\" data-elementor-open-lightbox=\"yes\" data-elementor-lightbox-slideshow=\"all-3473280\" data-elementor-lightbox-title=\"CH_H18-348\">\n\t\t\t\t\t<div class=\"e-gallery-image elementor-gallery-item__image\" data-thumbnail=\"https:\/\/www.ambitsdecor.com\/wp-content\/uploads\/2020\/08\/CH_H18-348-205x300.jpg\" data-width=\"205\" data-height=\"300\" alt=\"\" ><\/div>\n\t\t\t\t\t\t\t\t\t\t<div class=\"elementor-gallery-item__overlay\"><\/div>\n\t\t\t\t\t\t\t\t\t\t\t\t\t\t<\/a>\n\t\t\t\t\t\t\t<a class=\"e-gallery-item elementor-gallery-item elementor-animated-content\" href=\"https:\/\/www.ambitsdecor.com\/wp-content\/uploads\/2020\/08\/CH_H18-463.jpg\" data-elementor-open-lightbox=\"yes\" data-elementor-lightbox-slideshow=\"all-3473280\" data-elementor-lightbox-title=\"CH_H18-463\">\n\t\t\t\t\t<div class=\"e-gallery-image elementor-gallery-item__image\" data-thumbnail=\"https:\/\/www.ambitsdecor.com\/wp-content\/uploads\/2020\/08\/CH_H18-463-206x300.jpg\" data-width=\"206\" data-height=\"300\" alt=\"\" ><\/div>\n\t\t\t\t\t\t\t\t\t\t<div class=\"elementor-gallery-item__overlay\"><\/div>\n\t\t\t\t\t\t\t\t\t\t\t\t\t\t<\/a>\n\t\t\t\t\t\t\t<a class=\"e-gallery-item elementor-gallery-item elementor-animated-content\" href=\"https:\/\/www.ambitsdecor.com\/wp-content\/uploads\/2020\/08\/CH_H18-504.jpg\" data-elementor-open-lightbox=\"yes\" data-elementor-lightbox-slideshow=\"all-3473280\" data-elementor-lightbox-title=\"CH_H18-504\">\n\t\t\t\t\t<div class=\"e-gallery-image elementor-gallery-item__image\" data-thumbnail=\"https:\/\/www.ambitsdecor.com\/wp-content\/uploads\/2020\/08\/CH_H18-504-252x300.jpg\" data-width=\"252\" data-height=\"300\" alt=\"\" ><\/div>\n\t\t\t\t\t\t\t\t\t\t<div class=\"elementor-gallery-item__overlay\"><\/div>\n\t\t\t\t\t\t\t\t\t\t\t\t\t\t<\/a>\n\t\t\t\t\t\t\t<a class=\"e-gallery-item elementor-gallery-item elementor-animated-content\" href=\"https:\/\/www.ambitsdecor.com\/wp-content\/uploads\/2020\/08\/Romo-Floris_Orange-3B_0084_WEB_LR.jpg\" data-elementor-open-lightbox=\"yes\" data-elementor-lightbox-slideshow=\"all-3473280\" data-elementor-lightbox-title=\"Romo Floris_Orange-3B_0084_WEB_LR\">\n\t\t\t\t\t<div class=\"e-gallery-image elementor-gallery-item__image\" data-thumbnail=\"https:\/\/www.ambitsdecor.com\/wp-content\/uploads\/2020\/08\/Romo-Floris_Orange-3B_0084_WEB_LR-300x200.jpg\" data-width=\"300\" data-height=\"200\" alt=\"\" ><\/div>\n\t\t\t\t\t\t\t\t\t\t<div class=\"elementor-gallery-item__overlay\"><\/div>\n\t\t\t\t\t\t\t\t\t\t\t\t\t\t<\/a>\n\t\t\t\t\t<\/div>\n\t\t\t<\/div>\n\t\t\t\t<\/div>\n\t\t\t\t\t\t<\/div>\n\t\t\t\t\t<\/div>\n\t\t<\/div>\n\t\t\t\t\t\t\t\t<\/div>\n\t\t\t\t\t<\/div>\n\t\t<\/section>\n\t\t\t\t<section class=\"elementor-section elementor-top-section elementor-element elementor-element-dc1ad61 elementor-section-boxed elementor-section-height-default elementor-section-height-default\" data-id=\"dc1ad61\" data-element_type=\"section\">\n\t\t\t\t\t\t<div class=\"elementor-container elementor-column-gap-default\">\n\t\t\t\t\t\t\t<div class=\"elementor-row\">\n\t\t\t\t\t<div class=\"elementor-column elementor-col-100 elementor-top-column elementor-element elementor-element-e19d79e\" data-id=\"e19d79e\" data-element_type=\"column\">\n\t\t\t<div class=\"elementor-column-wrap elementor-element-populated\">\n\t\t\t\t\t\t\t<div class=\"elementor-widget-wrap\">\n\t\t\t\t\t\t<div class=\"elementor-element elementor-element-0679d67 elementor-widget elementor-widget-spacer\" data-id=\"0679d67\" data-element_type=\"widget\" data-widget_type=\"spacer.default\">\n\t\t\t\t<div class=\"elementor-widget-container\">\n\t\t\t\t\t<div class=\"elementor-spacer\">\n\t\t\t<div class=\"elementor-spacer-inner\"><\/div>\n\t\t<\/div>\n\t\t\t\t<\/div>\n\t\t\t\t<\/div>\n\t\t\t\t\t\t<\/div>\n\t\t\t\t\t<\/div>\n\t\t<\/div>\n\t\t\t\t\t\t\t\t<\/div>\n\t\t\t\t\t<\/div>\n\t\t<\/section>\n\t\t\t\t\t\t<\/div>\n\t\t\t\t\t\t<\/div>\n\t\t\t\t\t<\/div>","protected":false},"excerpt":{"rendered":"<p>Dise\u00f1o, toma de medidas, confecci\u00f3n e instalaci\u00f3n de todo tipo de cortinas, tanto tradicionales como t\u00e9cnicas. Asesoramiento personalizado a particulares y empresas. Servicio de tapicer\u00eda que incluye tanto la restauraci\u00f3n de piezas antiguas como la creaci\u00f3n a medida de nuevas como sof\u00e1s, cabezales y cualquier requerimiento para particulares y hosteler\u00eda. Servicio integral de decoraci\u00f3n y estilismo. Realizamos un estudio del espacio y proponemos las tendencias que mejor se le adaptan. Del mismo modo, colaboramos con interioristas en la fase final de su proyecto.<\/p>","protected":false},"author":1,"featured_media":506,"parent":0,"menu_order":0,"comment_status":"closed","ping_status":"closed","template":"","meta":[],"blocksy_meta":"","yoast_head":"<!-- This site is optimized with the Yoast SEO plugin v15.2.1 - https:\/\/yoast.com\/wordpress\/plugins\/seo\/ -->\n<title>CORTINAS, TAPICER\u00cdA Y DECORACI\u00d3N - Ambits Decor<\/title>\n<meta name=\"robots\" content=\"index, follow, max-snippet:-1, max-image-preview:large, max-video-preview:-1\" \/>\n<link rel=\"canonical\" href=\"https:\/\/www.ambitsdecor.com\/ca\/decoracion\/\" \/>\n<meta property=\"og:locale\" content=\"ca_ES\" \/>\n<meta property=\"og:type\" content=\"article\" \/>\n<meta property=\"og:title\" content=\"CORTINAS, TAPICER\u00cdA Y DECORACI\u00d3N - Ambits Decor\" \/>\n<meta property=\"og:description\" content=\"Dise\u00f1o, toma de medidas, confecci\u00f3n e instalaci\u00f3n de todo tipo de cortinas, tanto tradicionales como t\u00e9cnicas. Asesoramiento personalizado a particulares y empresas. Servicio de tapicer\u00eda que incluye tanto la restauraci\u00f3n de piezas antiguas como la creaci\u00f3n a medida de nuevas como sof\u00e1s, cabezales y cualquier requerimiento para particulares y hosteler\u00eda. Servicio integral de decoraci\u00f3n y estilismo. Realizamos un estudio del espacio y proponemos las tendencias que mejor se le adaptan. Del mismo modo, colaboramos con interioristas en la fase final de su proyecto.\" \/>\n<meta property=\"og:url\" content=\"https:\/\/www.ambitsdecor.com\/ca\/decoracion\/\" \/>\n<meta property=\"og:site_name\" content=\"Ambits Decor\" \/>\n<meta property=\"article:publisher\" content=\"https:\/\/www.facebook.com\/ambitsdecor\/\" \/>\n<meta property=\"article:modified_time\" content=\"2020-10-16T07:28:32+00:00\" \/>\n<meta property=\"og:image\" content=\"https:\/\/www.ambitsdecor.com\/wp-content\/uploads\/2020\/07\/105938584_126926982383421_451252719469582468_n_photos_v2_x2-1.jpg\" \/>\n\t<meta property=\"og:image:width\" content=\"1654\" \/>\n\t<meta property=\"og:image:height\" content=\"1600\" \/>\n<meta name=\"twitter:card\" content=\"summary_large_image\" \/>\n<meta name=\"twitter:label1\" content=\"Escrit per\">\n\t<meta name=\"twitter:data1\" content=\"Eva\">\n\t<meta name=\"twitter:label2\" content=\"Temps estimat de lectura\">\n\t<meta name=\"twitter:data2\" content=\"0 minuts\">\n<script type=\"application\/ld+json\" class=\"yoast-schema-graph\">{\"@context\":\"https:\/\/schema.org\",\"@graph\":[{\"@type\":\"Organization\",\"@id\":\"https:\/\/www.ambitsdecor.com\/#organization\",\"name\":\"Ambits\",\"url\":\"https:\/\/www.ambitsdecor.com\/\",\"sameAs\":[\"https:\/\/www.facebook.com\/ambitsdecor\/\",\"https:\/\/www.instagram.com\/ambits.decor\/\"],\"logo\":{\"@type\":\"ImageObject\",\"@id\":\"https:\/\/www.ambitsdecor.com\/#logo\",\"inLanguage\":\"ca\",\"url\":\"https:\/\/www.ambitsdecor.com\/wp-content\/uploads\/2020\/10\/Transparente.png\",\"width\":1024,\"height\":543,\"caption\":\"Ambits\"},\"image\":{\"@id\":\"https:\/\/www.ambitsdecor.com\/#logo\"}},{\"@type\":\"WebSite\",\"@id\":\"https:\/\/www.ambitsdecor.com\/#website\",\"url\":\"https:\/\/www.ambitsdecor.com\/\",\"name\":\"Ambits Decor\",\"description\":\"\",\"publisher\":{\"@id\":\"https:\/\/www.ambitsdecor.com\/#organization\"},\"potentialAction\":[{\"@type\":\"SearchAction\",\"target\":\"https:\/\/www.ambitsdecor.com\/?s={search_term_string}\",\"query-input\":\"required name=search_term_string\"}],\"inLanguage\":\"ca\"},{\"@type\":\"ImageObject\",\"@id\":\"https:\/\/www.ambitsdecor.com\/decoracion\/#primaryimage\",\"inLanguage\":\"ca\",\"url\":\"https:\/\/www.ambitsdecor.com\/wp-content\/uploads\/2020\/07\/105938584_126926982383421_451252719469582468_n_photos_v2_x2-1.jpg\",\"width\":1654,\"height\":1600},{\"@type\":\"WebPage\",\"@id\":\"https:\/\/www.ambitsdecor.com\/decoracion\/#webpage\",\"url\":\"https:\/\/www.ambitsdecor.com\/decoracion\/\",\"name\":\"CORTINAS, TAPICER\\u00cdA Y DECORACI\\u00d3N - Ambits Decor\",\"isPartOf\":{\"@id\":\"https:\/\/www.ambitsdecor.com\/#website\"},\"primaryImageOfPage\":{\"@id\":\"https:\/\/www.ambitsdecor.com\/decoracion\/#primaryimage\"},\"datePublished\":\"2020-07-23T20:58:42+00:00\",\"dateModified\":\"2020-10-16T07:28:32+00:00\",\"inLanguage\":\"ca\",\"potentialAction\":[{\"@type\":\"ReadAction\",\"target\":[\"https:\/\/www.ambitsdecor.com\/decoracion\/\"]}]}]}<\/script>\n<!-- \/ Yoast SEO plugin. -->","_links":{"self":[{"href":"https:\/\/www.ambitsdecor.com\/ca\/wp-json\/wp\/v2\/pages\/404"}],"collection":[{"href":"https:\/\/www.ambitsdecor.com\/ca\/wp-json\/wp\/v2\/pages"}],"about":[{"href":"https:\/\/www.ambitsdecor.com\/ca\/wp-json\/wp\/v2\/types\/page"}],"author":[{"embeddable":true,"href":"https:\/\/www.ambitsdecor.com\/ca\/wp-json\/wp\/v2\/users\/1"}],"replies":[{"embeddable":true,"href":"https:\/\/www.ambitsdecor.com\/ca\/wp-json\/wp\/v2\/comments?post=404"}],"version-history":[{"count":29,"href":"https:\/\/www.ambitsdecor.com\/ca\/wp-json\/wp\/v2\/pages\/404\/revisions"}],"predecessor-version":[{"id":1091,"href":"https:\/\/www.ambitsdecor.com\/ca\/wp-json\/wp\/v2\/pages\/404\/revisions\/1091"}],"wp:featuredmedia":[{"embeddable":true,"href":"https:\/\/www.ambitsdecor.com\/ca\/wp-json\/wp\/v2\/media\/506"}],"wp:attachment":[{"href":"https:\/\/www.ambitsdecor.com\/ca\/wp-json\/wp\/v2\/media?parent=404"}],"curies":[{"name":"wp","href":"https:\/\/api.w.org\/{rel}","templated":true}]}}