{"id":438,"date":"2020-07-23T21:28:25","date_gmt":"2020-07-23T21:28:25","guid":{"rendered":"https:\/\/www.ambitsdecor.com\/?page_id=438"},"modified":"2020-10-10T13:13:13","modified_gmt":"2020-10-10T13:13:13","slug":"estilisme-per-a-particulars-i-interioristes","status":"publish","type":"page","link":"https:\/\/www.ambitsdecor.com\/ca\/estilisme-per-a-particulars-i-interioristes\/","title":{"rendered":"ESTILISMO PARA PARTICULARES Y PROFESIONALES"},"content":{"rendered":"<div data-elementor-type=\"wp-page\" data-elementor-id=\"438\" class=\"elementor elementor-438\" data-elementor-settings=\"[]\">\n\t\t\t\t\t\t<div class=\"elementor-inner\">\n\t\t\t\t\t\t\t<div class=\"elementor-section-wrap\">\n\t\t\t\t\t\t\t<section class=\"elementor-section elementor-top-section elementor-element elementor-element-8d74d22 elementor-section-boxed elementor-section-height-default elementor-section-height-default\" data-id=\"8d74d22\" data-element_type=\"section\">\n\t\t\t\t\t\t<div class=\"elementor-container elementor-column-gap-default\">\n\t\t\t\t\t\t\t<div class=\"elementor-row\">\n\t\t\t\t\t<div class=\"elementor-column elementor-col-100 elementor-top-column elementor-element elementor-element-909259a\" data-id=\"909259a\" data-element_type=\"column\">\n\t\t\t<div class=\"elementor-column-wrap elementor-element-populated\">\n\t\t\t\t\t\t\t<div class=\"elementor-widget-wrap\">\n\t\t\t\t\t\t<div class=\"elementor-element elementor-element-f1bab7d elementor-widget elementor-widget-text-editor\" data-id=\"f1bab7d\" data-element_type=\"widget\" data-widget_type=\"text-editor.default\">\n\t\t\t\t<div class=\"elementor-widget-container\">\n\t\t\t\t\t<div class=\"elementor-text-editor elementor-clearfix\"><p>En \u00c0mbits nos encargamos de coordinar y buscar los elementos necesarios para mejorar la est\u00e9tica de un ambiente, as\u00ed como reubicar los ya existentes para que luzcan mejor.<br \/>Aplicamos las \u00faltimas tendencias decorativas seg\u00fan el encargo del cliente (ya sea particular, empresa o medio de comunicaci\u00f3n) transformando por completo el espacio, haci\u00e9ndolo mucho m\u00e1s atractivo y arm\u00f3nico.<\/p><\/div>\n\t\t\t\t<\/div>\n\t\t\t\t<\/div>\n\t\t\t\t\t\t<\/div>\n\t\t\t\t\t<\/div>\n\t\t<\/div>\n\t\t\t\t\t\t\t\t<\/div>\n\t\t\t\t\t<\/div>\n\t\t<\/section>\n\t\t\t\t<section class=\"elementor-section elementor-top-section elementor-element elementor-element-850e530 elementor-section-boxed elementor-section-height-default elementor-section-height-default\" data-id=\"850e530\" data-element_type=\"section\">\n\t\t\t\t\t\t<div class=\"elementor-container elementor-column-gap-default\">\n\t\t\t\t\t\t\t<div class=\"elementor-row\">\n\t\t\t\t\t<div class=\"elementor-column elementor-col-100 elementor-top-column elementor-element elementor-element-b74340e\" data-id=\"b74340e\" data-element_type=\"column\">\n\t\t\t<div class=\"elementor-column-wrap elementor-element-populated\">\n\t\t\t\t\t\t\t<div class=\"elementor-widget-wrap\">\n\t\t\t\t\t\t<div class=\"elementor-element elementor-element-389ac01 elementor-widget elementor-widget-gallery\" data-id=\"389ac01\" data-element_type=\"widget\" data-settings=\"{&quot;columns&quot;:3,&quot;gap&quot;:{&quot;unit&quot;:&quot;px&quot;,&quot;size&quot;:20,&quot;sizes&quot;:[]},&quot;lazyload&quot;:&quot;yes&quot;,&quot;gallery_layout&quot;:&quot;grid&quot;,&quot;columns_tablet&quot;:2,&quot;columns_mobile&quot;:1,&quot;gap_tablet&quot;:{&quot;unit&quot;:&quot;px&quot;,&quot;size&quot;:10,&quot;sizes&quot;:[]},&quot;gap_mobile&quot;:{&quot;unit&quot;:&quot;px&quot;,&quot;size&quot;:10,&quot;sizes&quot;:[]},&quot;link_to&quot;:&quot;file&quot;,&quot;aspect_ratio&quot;:&quot;3:2&quot;,&quot;overlay_background&quot;:&quot;yes&quot;,&quot;content_hover_animation&quot;:&quot;fade-in&quot;}\" data-widget_type=\"gallery.default\">\n\t\t\t\t<div class=\"elementor-widget-container\">\n\t\t\t\t\t<div class=\"elementor-gallery__container\">\n\t\t\t\t\t\t\t<a class=\"e-gallery-item elementor-gallery-item elementor-animated-content\" href=\"https:\/\/www.ambitsdecor.com\/wp-content\/uploads\/2020\/10\/20201010_124402.jpg\" data-elementor-open-lightbox=\"yes\" data-elementor-lightbox-slideshow=\"all-389ac01\" data-elementor-lightbox-title=\"20201010_124402\">\n\t\t\t\t\t<div class=\"e-gallery-image elementor-gallery-item__image\" data-thumbnail=\"https:\/\/www.ambitsdecor.com\/wp-content\/uploads\/2020\/10\/20201010_124402-300x198.jpg\" data-width=\"300\" data-height=\"198\" alt=\"\" ><\/div>\n\t\t\t\t\t\t\t\t\t\t<div class=\"elementor-gallery-item__overlay\"><\/div>\n\t\t\t\t\t\t\t\t\t\t\t\t\t\t<\/a>\n\t\t\t\t\t\t\t<a class=\"e-gallery-item elementor-gallery-item elementor-animated-content\" href=\"https:\/\/www.ambitsdecor.com\/wp-content\/uploads\/2020\/10\/JOAN_XXIII_5-16.jpg\" data-elementor-open-lightbox=\"yes\" data-elementor-lightbox-slideshow=\"all-389ac01\" data-elementor-lightbox-title=\"JOAN_XXIII_5-16\">\n\t\t\t\t\t<div class=\"e-gallery-image elementor-gallery-item__image\" data-thumbnail=\"https:\/\/www.ambitsdecor.com\/wp-content\/uploads\/2020\/10\/JOAN_XXIII_5-16-300x225.jpg\" data-width=\"300\" data-height=\"225\" alt=\"\" ><\/div>\n\t\t\t\t\t\t\t\t\t\t<div class=\"elementor-gallery-item__overlay\"><\/div>\n\t\t\t\t\t\t\t\t\t\t\t\t\t\t<\/a>\n\t\t\t\t\t\t\t<a class=\"e-gallery-item elementor-gallery-item elementor-animated-content\" href=\"https:\/\/www.ambitsdecor.com\/wp-content\/uploads\/2020\/10\/JOAN_XXIII_5-35-1.jpg\" data-elementor-open-lightbox=\"yes\" data-elementor-lightbox-slideshow=\"all-389ac01\" data-elementor-lightbox-title=\"JOAN_XXIII_5-35-1\">\n\t\t\t\t\t<div class=\"e-gallery-image elementor-gallery-item__image\" data-thumbnail=\"https:\/\/www.ambitsdecor.com\/wp-content\/uploads\/2020\/10\/JOAN_XXIII_5-35-1-300x225.jpg\" data-width=\"300\" data-height=\"225\" alt=\"\" ><\/div>\n\t\t\t\t\t\t\t\t\t\t<div class=\"elementor-gallery-item__overlay\"><\/div>\n\t\t\t\t\t\t\t\t\t\t\t\t\t\t<\/a>\n\t\t\t\t\t<\/div>\n\t\t\t<\/div>\n\t\t\t\t<\/div>\n\t\t\t\t\t\t<\/div>\n\t\t\t\t\t<\/div>\n\t\t<\/div>\n\t\t\t\t\t\t\t\t<\/div>\n\t\t\t\t\t<\/div>\n\t\t<\/section>\n\t\t\t\t\t\t<\/div>\n\t\t\t\t\t\t<\/div>\n\t\t\t\t\t<\/div>","protected":false},"excerpt":{"rendered":"<p>En \u00c0mbits nos encargamos de coordinar y buscar los elementos necesarios para mejorar la est\u00e9tica de un ambiente, as\u00ed como reubicar los ya existentes para que luzcan mejor. Aplicamos las \u00faltimas tendencias decorativas seg\u00fan el encargo del cliente (ya sea particular, empresa o medio de comunicaci\u00f3n) transformando por completo el espacio, haci\u00e9ndolo mucho m\u00e1s atractivo y arm\u00f3nico.<\/p>","protected":false},"author":1,"featured_media":0,"parent":0,"menu_order":0,"comment_status":"closed","ping_status":"closed","template":"","meta":[],"blocksy_meta":"","yoast_head":"<!-- This site is optimized with the Yoast SEO plugin v15.2.1 - https:\/\/yoast.com\/wordpress\/plugins\/seo\/ -->\n<title>ESTILISMO PARA PARTICULARES Y PROFESIONALES - Ambits Decor<\/title>\n<meta name=\"robots\" content=\"index, follow, max-snippet:-1, max-image-preview:large, max-video-preview:-1\" \/>\n<link rel=\"canonical\" href=\"https:\/\/www.ambitsdecor.com\/ca\/estilisme-per-a-particulars-i-interioristes\/\" \/>\n<meta property=\"og:locale\" content=\"ca_ES\" \/>\n<meta property=\"og:type\" content=\"article\" \/>\n<meta property=\"og:title\" content=\"ESTILISMO PARA PARTICULARES Y PROFESIONALES - Ambits Decor\" \/>\n<meta property=\"og:description\" content=\"En \u00c0mbits nos encargamos de coordinar y buscar los elementos necesarios para mejorar la est\u00e9tica de un ambiente, as\u00ed como reubicar los ya existentes para que luzcan mejor. Aplicamos las \u00faltimas tendencias decorativas seg\u00fan el encargo del cliente (ya sea particular, empresa o medio de comunicaci\u00f3n) transformando por completo el espacio, haci\u00e9ndolo mucho m\u00e1s atractivo y arm\u00f3nico.\" \/>\n<meta property=\"og:url\" content=\"https:\/\/www.ambitsdecor.com\/ca\/estilisme-per-a-particulars-i-interioristes\/\" \/>\n<meta property=\"og:site_name\" content=\"Ambits Decor\" \/>\n<meta property=\"article:publisher\" content=\"https:\/\/www.facebook.com\/ambitsdecor\/\" \/>\n<meta property=\"article:modified_time\" content=\"2020-10-10T13:13:13+00:00\" \/>\n<meta name=\"twitter:card\" content=\"summary_large_image\" \/>\n<meta name=\"twitter:label1\" content=\"Escrit per\">\n\t<meta name=\"twitter:data1\" content=\"Eva\">\n\t<meta name=\"twitter:label2\" content=\"Temps estimat de lectura\">\n\t<meta name=\"twitter:data2\" content=\"0 minuts\">\n<script type=\"application\/ld+json\" class=\"yoast-schema-graph\">{\"@context\":\"https:\/\/schema.org\",\"@graph\":[{\"@type\":\"Organization\",\"@id\":\"https:\/\/www.ambitsdecor.com\/#organization\",\"name\":\"Ambits\",\"url\":\"https:\/\/www.ambitsdecor.com\/\",\"sameAs\":[\"https:\/\/www.facebook.com\/ambitsdecor\/\",\"https:\/\/www.instagram.com\/ambits.decor\/\"],\"logo\":{\"@type\":\"ImageObject\",\"@id\":\"https:\/\/www.ambitsdecor.com\/#logo\",\"inLanguage\":\"ca\",\"url\":\"https:\/\/www.ambitsdecor.com\/wp-content\/uploads\/2020\/10\/Transparente.png\",\"width\":1024,\"height\":543,\"caption\":\"Ambits\"},\"image\":{\"@id\":\"https:\/\/www.ambitsdecor.com\/#logo\"}},{\"@type\":\"WebSite\",\"@id\":\"https:\/\/www.ambitsdecor.com\/#website\",\"url\":\"https:\/\/www.ambitsdecor.com\/\",\"name\":\"Ambits Decor\",\"description\":\"\",\"publisher\":{\"@id\":\"https:\/\/www.ambitsdecor.com\/#organization\"},\"potentialAction\":[{\"@type\":\"SearchAction\",\"target\":\"https:\/\/www.ambitsdecor.com\/?s={search_term_string}\",\"query-input\":\"required name=search_term_string\"}],\"inLanguage\":\"ca\"},{\"@type\":\"WebPage\",\"@id\":\"https:\/\/www.ambitsdecor.com\/estilisme-per-a-particulars-i-interioristes\/#webpage\",\"url\":\"https:\/\/www.ambitsdecor.com\/estilisme-per-a-particulars-i-interioristes\/\",\"name\":\"ESTILISMO PARA PARTICULARES Y PROFESIONALES - Ambits Decor\",\"isPartOf\":{\"@id\":\"https:\/\/www.ambitsdecor.com\/#website\"},\"datePublished\":\"2020-07-23T21:28:25+00:00\",\"dateModified\":\"2020-10-10T13:13:13+00:00\",\"inLanguage\":\"ca\",\"potentialAction\":[{\"@type\":\"ReadAction\",\"target\":[\"https:\/\/www.ambitsdecor.com\/estilisme-per-a-particulars-i-interioristes\/\"]}]}]}<\/script>\n<!-- \/ Yoast SEO plugin. -->","_links":{"self":[{"href":"https:\/\/www.ambitsdecor.com\/ca\/wp-json\/wp\/v2\/pages\/438"}],"collection":[{"href":"https:\/\/www.ambitsdecor.com\/ca\/wp-json\/wp\/v2\/pages"}],"about":[{"href":"https:\/\/www.ambitsdecor.com\/ca\/wp-json\/wp\/v2\/types\/page"}],"author":[{"embeddable":true,"href":"https:\/\/www.ambitsdecor.com\/ca\/wp-json\/wp\/v2\/users\/1"}],"replies":[{"embeddable":true,"href":"https:\/\/www.ambitsdecor.com\/ca\/wp-json\/wp\/v2\/comments?post=438"}],"version-history":[{"count":8,"href":"https:\/\/www.ambitsdecor.com\/ca\/wp-json\/wp\/v2\/pages\/438\/revisions"}],"predecessor-version":[{"id":1075,"href":"https:\/\/www.ambitsdecor.com\/ca\/wp-json\/wp\/v2\/pages\/438\/revisions\/1075"}],"wp:attachment":[{"href":"https:\/\/www.ambitsdecor.com\/ca\/wp-json\/wp\/v2\/media?parent=438"}],"curies":[{"name":"wp","href":"https:\/\/api.w.org\/{rel}","templated":true}]}}