{"id":741,"date":"2020-09-18T13:11:08","date_gmt":"2020-09-18T13:11:08","guid":{"rendered":"https:\/\/www.ambitsdecor.com\/?page_id=741"},"modified":"2020-10-10T14:07:43","modified_gmt":"2020-10-10T14:07:43","slug":"politica-de-cookies","status":"publish","type":"page","link":"https:\/\/www.ambitsdecor.com\/ca\/politica-de-cookies\/","title":{"rendered":"Pol\u00edtica de cookies"},"content":{"rendered":"<p>Debido a la entrada en vigor de la referente modificaci\u00f3n de la \u00abLey de Servicios de la Sociedad de la Informaci\u00f3n\u00bb (LSSICE) establecida por el Real Decreto 13\/2012, es de obligaci\u00f3n obtener el consentimiento expreso del usuario de todas las p\u00e1ginas web que usan Cookies prescindibles, antes de que \u00e9ste navegue por ellas.<\/p>\n\n\n\n<p><strong>\u00bfQu\u00e9 son las Cookies?<\/strong><br>Las Cookies y otras tecnolog\u00edas similares tales como local shared objects, flash Cookies o p\u00edxeles, son herramientas empleadas por los servidores Web para almacenar y recuperar informaci\u00f3n acerca de sus visitantes, as\u00ed como para ofrecer un correcto funcionamiento del sitio. Mediante el uso de estos dispositivos se permite al servidor Web recordar algunos datos concernientes al usuario, como sus preferencias para la visualizaci\u00f3n de las p\u00e1ginas de ese servidor, nombre y contrase\u00f1a, productos que m\u00e1s le interesan, etc.<br><strong>Cookies afectadas por la normativa y Cookies exceptuadas<\/strong><br>Seg\u00fan la directiva de la UE, las Cookies que requieren el consentimiento informado por parte del usuario son las Cookies de anal\u00edtica y las de publicidad y afiliaci\u00f3n, quedando exceptuadas las de car\u00e1cter t\u00e9cnico y las necesarias para el funcionamiento del sitio Web o la prestaci\u00f3n de servicios expresamente solicitados por el usuario.<br><strong>\u00bfQu\u00e9 tipos de Cookies existen?<\/strong><br>Sobre los tipos de Cookies, existen cinco grandes grupos:<br>Cookies anal\u00edticas: recogen informaci\u00f3n del uso que se realiza del sitio Web.<br>Cookies sociales: son aquellas necesarias para redes sociales externas.<br>Cookies de afiliados: permiten hacer un seguimiento de las visitas procedentes de otras webs, con las que el sitio Web establece un contrato de afiliaci\u00f3n (empresas de afiliaci\u00f3n).<br>Cookies de publicidad y comportamentales: recogen informaci\u00f3n sobre las preferencias y elecciones personales del usuario (retargeting).<br>Cookies t\u00e9cnicas y funcionales: son las estrictamente necesarias para el uso del sitio Web y para la prestaci\u00f3n del servicio contratado.<br><strong>\u00bfC\u00f3mo puedo configurar las Cookies o deshabilitarlas?<\/strong><br>Puede aceptar, bloquear o eliminar las Cookies instaladas en su equipo mediante la configuraci\u00f3n de las opciones del navegador. En los siguientes enlaces encontrar\u00e1 instrucciones para habilitar o deshabilitar las Cookies en los navegadores m\u00e1s comunes:<br>Firefox http:\/\/support.mozilla.org\/es\/kb\/habilitar-y-deshabilitar-Cookies-que-los-sitios-we<br>Safari http:\/\/support.apple.com\/kb\/HT1677?viewlocale=es_ES\/<br>Google Chrome https:\/\/support.google.com\/chrome\/answer\/95647?hl=es<br>Otros navegadores Consulte la documentaci\u00f3n del navegador que tenga instalado.<br><strong>Advertencia sobre eliminar Cookies<\/strong><br>Puede eliminar y bloquear las Cookies de este sitio Web, pero parte del sitio no funcionar\u00e1 correctamente.<\/p>","protected":false},"excerpt":{"rendered":"<p>Debido a la entrada en vigor de la referente modificaci\u00f3n de la \u00abLey de Servicios de la Sociedad de la Informaci\u00f3n\u00bb (LSSICE) establecida por el Real Decreto 13\/2012, es de obligaci\u00f3n obtener el consentimiento expreso del usuario de todas las p\u00e1ginas web que usan Cookies prescindibles, antes de que \u00e9ste navegue por ellas. \u00bfQu\u00e9 son las Cookies?Las Cookies y otras tecnolog\u00edas similares tales como local shared objects, flash Cookies o p\u00edxeles, son herramientas empleadas por los servidores Web para almacenar y recuperar informaci\u00f3n acerca de sus visitantes, as\u00ed como para ofrecer un correcto funcionamiento del sitio. Mediante el uso de\u2026<\/p>","protected":false},"author":1,"featured_media":0,"parent":0,"menu_order":0,"comment_status":"closed","ping_status":"closed","template":"","meta":[],"blocksy_meta":"","yoast_head":"<!-- This site is optimized with the Yoast SEO plugin v15.2.1 - https:\/\/yoast.com\/wordpress\/plugins\/seo\/ -->\n<title>Pol\u00edtica de cookies - Ambits Decor<\/title>\n<meta name=\"robots\" content=\"index, follow, max-snippet:-1, max-image-preview:large, max-video-preview:-1\" \/>\n<link rel=\"canonical\" href=\"https:\/\/www.ambitsdecor.com\/ca\/politica-de-cookies\/\" \/>\n<meta property=\"og:locale\" content=\"ca_ES\" \/>\n<meta property=\"og:type\" content=\"article\" \/>\n<meta property=\"og:title\" content=\"Pol\u00edtica de cookies - Ambits Decor\" \/>\n<meta property=\"og:description\" content=\"Debido a la entrada en vigor de la referente modificaci\u00f3n de la \u00abLey de Servicios de la Sociedad de la Informaci\u00f3n\u00bb (LSSICE) establecida por el Real Decreto 13\/2012, es de obligaci\u00f3n obtener el consentimiento expreso del usuario de todas las p\u00e1ginas web que usan Cookies prescindibles, antes de que \u00e9ste navegue por ellas. \u00bfQu\u00e9 son las Cookies?Las Cookies y otras tecnolog\u00edas similares tales como local shared objects, flash Cookies o p\u00edxeles, son herramientas empleadas por los servidores Web para almacenar y recuperar informaci\u00f3n acerca de sus visitantes, as\u00ed como para ofrecer un correcto funcionamiento del sitio. Mediante el uso de\u2026\" \/>\n<meta property=\"og:url\" content=\"https:\/\/www.ambitsdecor.com\/ca\/politica-de-cookies\/\" \/>\n<meta property=\"og:site_name\" content=\"Ambits Decor\" \/>\n<meta property=\"article:publisher\" content=\"https:\/\/www.facebook.com\/ambitsdecor\/\" \/>\n<meta property=\"article:modified_time\" content=\"2020-10-10T14:07:43+00:00\" \/>\n<meta name=\"twitter:card\" content=\"summary_large_image\" \/>\n<meta name=\"twitter:label1\" content=\"Escrit per\">\n\t<meta name=\"twitter:data1\" content=\"Eva\">\n\t<meta name=\"twitter:label2\" content=\"Temps estimat de lectura\">\n\t<meta name=\"twitter:data2\" content=\"2 minuts\">\n<script type=\"application\/ld+json\" class=\"yoast-schema-graph\">{\"@context\":\"https:\/\/schema.org\",\"@graph\":[{\"@type\":\"Organization\",\"@id\":\"https:\/\/www.ambitsdecor.com\/#organization\",\"name\":\"Ambits\",\"url\":\"https:\/\/www.ambitsdecor.com\/\",\"sameAs\":[\"https:\/\/www.facebook.com\/ambitsdecor\/\",\"https:\/\/www.instagram.com\/ambits.decor\/\"],\"logo\":{\"@type\":\"ImageObject\",\"@id\":\"https:\/\/www.ambitsdecor.com\/#logo\",\"inLanguage\":\"ca\",\"url\":\"https:\/\/www.ambitsdecor.com\/wp-content\/uploads\/2020\/10\/Transparente.png\",\"width\":1024,\"height\":543,\"caption\":\"Ambits\"},\"image\":{\"@id\":\"https:\/\/www.ambitsdecor.com\/#logo\"}},{\"@type\":\"WebSite\",\"@id\":\"https:\/\/www.ambitsdecor.com\/#website\",\"url\":\"https:\/\/www.ambitsdecor.com\/\",\"name\":\"Ambits Decor\",\"description\":\"\",\"publisher\":{\"@id\":\"https:\/\/www.ambitsdecor.com\/#organization\"},\"potentialAction\":[{\"@type\":\"SearchAction\",\"target\":\"https:\/\/www.ambitsdecor.com\/?s={search_term_string}\",\"query-input\":\"required name=search_term_string\"}],\"inLanguage\":\"ca\"},{\"@type\":\"WebPage\",\"@id\":\"https:\/\/www.ambitsdecor.com\/politica-de-cookies\/#webpage\",\"url\":\"https:\/\/www.ambitsdecor.com\/politica-de-cookies\/\",\"name\":\"Pol\\u00edtica de cookies - Ambits Decor\",\"isPartOf\":{\"@id\":\"https:\/\/www.ambitsdecor.com\/#website\"},\"datePublished\":\"2020-09-18T13:11:08+00:00\",\"dateModified\":\"2020-10-10T14:07:43+00:00\",\"inLanguage\":\"ca\",\"potentialAction\":[{\"@type\":\"ReadAction\",\"target\":[\"https:\/\/www.ambitsdecor.com\/politica-de-cookies\/\"]}]}]}<\/script>\n<!-- \/ Yoast SEO plugin. -->","_links":{"self":[{"href":"https:\/\/www.ambitsdecor.com\/ca\/wp-json\/wp\/v2\/pages\/741"}],"collection":[{"href":"https:\/\/www.ambitsdecor.com\/ca\/wp-json\/wp\/v2\/pages"}],"about":[{"href":"https:\/\/www.ambitsdecor.com\/ca\/wp-json\/wp\/v2\/types\/page"}],"author":[{"embeddable":true,"href":"https:\/\/www.ambitsdecor.com\/ca\/wp-json\/wp\/v2\/users\/1"}],"replies":[{"embeddable":true,"href":"https:\/\/www.ambitsdecor.com\/ca\/wp-json\/wp\/v2\/comments?post=741"}],"version-history":[{"count":3,"href":"https:\/\/www.ambitsdecor.com\/ca\/wp-json\/wp\/v2\/pages\/741\/revisions"}],"predecessor-version":[{"id":1085,"href":"https:\/\/www.ambitsdecor.com\/ca\/wp-json\/wp\/v2\/pages\/741\/revisions\/1085"}],"wp:attachment":[{"href":"https:\/\/www.ambitsdecor.com\/ca\/wp-json\/wp\/v2\/media?parent=741"}],"curies":[{"name":"wp","href":"https:\/\/api.w.org\/{rel}","templated":true}]}}